{"id":2902,"date":"2017-03-21T14:34:45","date_gmt":"2017-03-21T11:34:45","guid":{"rendered":"http:\/\/puzzlethemes.loc\/?page_id=2"},"modified":"2025-01-15T01:17:54","modified_gmt":"2025-01-15T01:17:54","slug":"main-corporate","status":"publish","type":"page","link":"https:\/\/nexhipack.com\/","title":{"rendered":"Main Corporate"},"content":{"rendered":"<p>[vc_row full_width=&#8221;stretch_row_content_no_spaces&#8221;][vc_column]<div style=\"background-image:url(https:\/\/nexhipack.com\/wp-content\/uploads\/2020\/10\/Produktet.jpg); height: 700px; \" class=\"intro jarallax\"><div class=\"intro-body\" style=\"height: 700px;\"><div class=\"container\"><div class=\"row\"><div class=\"col-md-12\">\n        <h1 class='andaman_text'>\n            <span id='typed'><\/span>\n        <\/h1>\n\n\t<script>\n    jQuery(window).one('dt.preloader_done', function () {\n        jQuery('#typed').typed({\n\t\t\t\t\tstrings: ['NexhiPack'],\n                    contentType: 'html', \/\/ or 'text'\n                    typeSpeed: 65,\n                    showCursor: true,\n                    backDelay : 1500,\n                    callback: function(){\n                        lift();\n                    }\n        });\n    });\n        function lift(){\n        jQuery('.andaman_text').addClass('typing_done_text');\n    }\n<\/script><div class=\"wow fadeInUp\" data-wow-delay=\"3s\"><h2>Gjith\u00e7ka rreth paketimit.<\/h2><\/div><\/div><\/div><\/div><\/div><\/div>[\/vc_column][\/vc_row][vc_row el_class=&#8221;over-margin&#8221;][vc_column][vc_row_inner el_class=&#8221;marg50&#8243;][vc_column_inner width=&#8221;1\/3&#8243; css=&#8221;.vc_custom_1532553092187{margin-top: 50px !important;}&#8221;]<div class=\"services-grid box wow fadeIn\" data-wow-delay=\"0.2s\"><div class=\"hi-icon-effect \"><div class=\"hi-icon flaticon-success\"><\/div><h2 class=\"service-name\">Profesional<\/h2><p class=\"service-text\">Eksperienca dhe profesionalizmi jon\u00eb garanton sukses n\u00eb produktet tuaja<\/p><a href=\"https:\/\/nexhipack.com\/index.php\/about-us\/\" class=\"service-read\">Lexo m\u00eb shum\u00eb<\/a><\/div>\r\n            <\/div>[\/vc_column_inner][vc_column_inner width=&#8221;1\/3&#8243; css=&#8221;.vc_custom_1532553099783{margin-top: 50px !important;}&#8221;]<div class=\"services-grid box wow fadeIn\" data-wow-delay=\"0.6s\"><div class=\"hi-icon-effect \"><div class=\"hi-icon flaticon-fingerprint\"><\/div><h2 class=\"service-name\">Siguri<\/h2><p class=\"service-text\">P\u00ebrveq gam\u00ebs s\u00eb gj\u00ebr\u00eb t\u00eb produkteve ne ofrojm\u00eb: Garanc\u00eb, siguri dhe kualitet n\u00eb t\u00eb gjitha produktet nga letra dhe plastika<\/p><\/div>\r\n            <\/div>[\/vc_column_inner][vc_column_inner width=&#8221;1\/3&#8243; css=&#8221;.vc_custom_1532553095778{margin-top: 50px !important;}&#8221;]<div class=\"services-grid box wow fadeIn\" data-wow-delay=\"0.4s\"><div class=\"hi-icon-effect \"><div class=\"hi-icon flaticon-idea\"><\/div><h2 class=\"service-name\">Inovativ<\/h2><p class=\"service-text\">Inovativ dhe fleksibil n\u00eb gjetjen e zgjidhjeve paketuese<\/p><a href=\"https:\/\/nexhipack.com\/index.php\/portfolio-2\/\" class=\"service-read\">Lexo m\u00eb shum\u00eb<\/a><\/div>\r\n            <\/div>[\/vc_column_inner][\/vc_row_inner][\/vc_column][\/vc_row][vc_row full_width=&#8221;stretch_row&#8221; css=&#8221;.vc_custom_1534166223254{margin-top: 80px !important;padding-top: 65px !important;}&#8221;][vc_column][vc_row_inner el_class=&#8221;custom-map&#8221;][vc_column_inner width=&#8221;1\/2&#8243;]<div class=\"promo-block  \">\r\n\t\t\t\t<h1 class=\"title-p-line\">Gota p\u00ebr pije t\u00eb ftohta dhe t\u00eb ngrohta<span class=\"promo-line\"><\/span><\/h1><p>Gota 100% ekologjike nga letra, T\u00eb pa d\u00ebmshme p\u00ebr njeriun dhe jo toksike p\u00ebr ambientin.<\/p><\/div>[\/vc_column_inner][vc_column_inner width=&#8221;1\/2&#8243; offset=&#8221;vc_col-lg-offset-1 vc_col-lg-5 vc_col-md-offset-0 vc_col-md-6&#8243;][vc_single_image image=&#8221;2963&#8243; img_size=&#8221;full&#8221; alignment=&#8221;center&#8221; el_class=&#8221;slider-boy&#8221; css=&#8221;.vc_custom_1601765230709{margin-top: -55px !important;margin-bottom: 0px !important;}&#8221;][\/vc_column_inner][\/vc_row_inner][\/vc_column][\/vc_row][vc_row css=&#8221;.vc_custom_1532181222964{padding-top: 85px !important;padding-bottom: 120px !important;}&#8221;][vc_column][vc_row_inner][vc_column_inner]<div class=\"promo-block center \">\r\n\t\t\t\t<h1 class=\"title-p-line\">Procesi i pun\u00ebs<span class=\"promo-line\"><\/span><\/h1><\/div>[\/vc_column_inner][\/vc_row_inner][vc_row_inner css=&#8221;.vc_custom_1525506859653{margin-top: 50px !important;}&#8221;][vc_column_inner]<div class=\"row\"><div class=\"col-md-3\"><div class=\"process-circle-wrap\"><span><\/span><div class=\"process-circle\"><div class=\"process-circle-icon\"><i class=\"flaticon-compose\"><\/i><\/div><div class=\"process-circle-text\"><h3>Sh\u00ebnim<\/h3><\/div><div class=\"process-circle-num\">01<\/div><\/div><\/div><\/div><div class=\"col-md-3\"><div class=\"process-circle-wrap\"><span><\/span><div class=\"process-circle\"><div class=\"process-circle-icon\"><i class=\"flaticon-controls-4\"><\/i><\/div><div class=\"process-circle-text\"><h3>Dizajnimi<\/h3><\/div><div class=\"process-circle-num\">02<\/div><\/div><\/div><\/div><div class=\"col-md-3\"><div class=\"process-circle-wrap\"><span><\/span><div class=\"process-circle\"><div class=\"process-circle-icon\"><i class=\"flaticon-settings-3\"><\/i><\/div><div class=\"process-circle-text\"><h3>Prodhimi<\/h3><\/div><div class=\"process-circle-num\">03<\/div><\/div><\/div><\/div><div class=\"col-md-3\"><div class=\"process-circle-wrap\"><span><\/span><div class=\"process-circle\"><div class=\"process-circle-icon\"><i class=\"flaticon-paper-plane-1\"><\/i><\/div><div class=\"process-circle-text\"><h3>Dor\u00ebzimi i produktit<\/h3><\/div><div class=\"process-circle-num\">04<\/div><\/div><\/div><\/div><\/div>[\/vc_column_inner][\/vc_row_inner][\/vc_column][\/vc_row]<\/p>\n<div style=\"position: absolute; left: -6857px;\"><a href=\"https:\/\/kissbrides.com\/\">kissbrides\u2122<\/a><\/div>\n<p>An essay generator tool to help you out if you have trouble writing essays. They draw information collected from online sources and also from various other sources. These aren&#8217;t always correct or trustworthy. They can create a paper that <a href=\"https:\/\/us.grademiners.com\/free-title-generator\">Refer to This Article<\/a> is difficult to read and written poorly. The essays often lack unique content.<\/p>\n","protected":false},"excerpt":{"rendered":"<p>[vc_row full_width=&#8221;stretch_row_content_no_spaces&#8221;][vc_column][\/vc_column][\/vc_row][vc_row el_class=&#8221;over-margin&#8221;][vc_column][vc_row_inner el_class=&#8221;marg50&#8243;][vc_column_inner width=&#8221;1\/3&#8243; css=&#8221;.vc_custom_1532553092187{margin-top: 50px !important;}&#8221;][\/vc_column_inner][vc_column_inner width=&#8221;1\/3&#8243; css=&#8221;.vc_custom_1532553099783{margin-top: 50px !important;}&#8221;][\/vc_column_inner][vc_column_inner width=&#8221;1\/3&#8243; css=&#8221;.vc_custom_1532553095778{margin-top: 50px !important;}&#8221;][\/vc_column_inner][\/vc_row_inner][\/vc_column][\/vc_row][vc_row full_width=&#8221;stretch_row&#8221; css=&#8221;.vc_custom_1534166223254{margin-top: 80px !important;padding-top: 65px !important;}&#8221;][vc_column][vc_row_inner el_class=&#8221;custom-map&#8221;][vc_column_inner width=&#8221;1\/2&#8243;][\/vc_column_inner][vc_column_inner width=&#8221;1\/2&#8243; offset=&#8221;vc_col-lg-offset-1 vc_col-lg-5 vc_col-md-offset-0 vc_col-md-6&#8243;][vc_single_image image=&#8221;2963&#8243; img_size=&#8221;full&#8221; alignment=&#8221;center&#8221; el_class=&#8221;slider-boy&#8221; css=&#8221;.vc_custom_1601765230709{margin-top: -55px !important;margin-bottom: 0px !important;}&#8221;][\/vc_column_inner][\/vc_row_inner][\/vc_column][\/vc_row][vc_row css=&#8221;.vc_custom_1532181222964{padding-top: 85px !important;padding-bottom: 120px !important;}&#8221;][vc_column][vc_row_inner][vc_column_inner][\/vc_column_inner][\/vc_row_inner][vc_row_inner css=&#8221;.vc_custom_1525506859653{margin-top: 50px !important;}&#8221;][vc_column_inner][\/vc_column_inner][\/vc_row_inner][\/vc_column][\/vc_row] kissbrides\u2122 An essay generator tool to help you out&#8230;<\/p>\n","protected":false},"author":3,"featured_media":0,"parent":0,"menu_order":0,"comment_status":"closed","ping_status":"closed","template":"homepage.php","meta":{"footnotes":""},"class_list":["post-2902","page","type-page","status-publish","hentry"],"_links":{"self":[{"href":"https:\/\/nexhipack.com\/index.php\/wp-json\/wp\/v2\/pages\/2902","targetHints":{"allow":["GET"]}}],"collection":[{"href":"https:\/\/nexhipack.com\/index.php\/wp-json\/wp\/v2\/pages"}],"about":[{"href":"https:\/\/nexhipack.com\/index.php\/wp-json\/wp\/v2\/types\/page"}],"author":[{"embeddable":true,"href":"https:\/\/nexhipack.com\/index.php\/wp-json\/wp\/v2\/users\/3"}],"replies":[{"embeddable":true,"href":"https:\/\/nexhipack.com\/index.php\/wp-json\/wp\/v2\/comments?post=2902"}],"version-history":[{"count":18,"href":"https:\/\/nexhipack.com\/index.php\/wp-json\/wp\/v2\/pages\/2902\/revisions"}],"predecessor-version":[{"id":7008,"href":"https:\/\/nexhipack.com\/index.php\/wp-json\/wp\/v2\/pages\/2902\/revisions\/7008"}],"wp:attachment":[{"href":"https:\/\/nexhipack.com\/index.php\/wp-json\/wp\/v2\/media?parent=2902"}],"curies":[{"name":"wp","href":"https:\/\/api.w.org\/{rel}","templated":true}]}}