{"id":576,"date":"2018-05-15T19:27:24","date_gmt":"2018-05-15T16:27:24","guid":{"rendered":"https:\/\/wordpress.dankov-themes.com\/andaman\/?page_id=576"},"modified":"2021-05-08T22:31:37","modified_gmt":"2021-05-08T22:31:37","slug":"contacts","status":"publish","type":"page","link":"https:\/\/nexhipack.com\/index.php\/contacts\/","title":{"rendered":"Na kontaktoni"},"content":{"rendered":"<p>[vc_row full_width=&#8221;stretch_row&#8221; css=&#8221;.vc_custom_1539692394372{padding-top: 85px !important;padding-bottom: 120px !important;background-color: #f9fafc !important;}&#8221;][vc_column][vc_row_inner][vc_column_inner width=&#8221;1\/2&#8243;]<div class=\"promo-block  \">\r\n\t\t\t\t<h1 class=\"title-p-line\">Si t\u00eb na kontaktoni<span class=\"promo-line\"><\/span><\/h1><p>Ndjehuni t\u00eb lir t\u00eb na kontaktoni, do t\u00eb ndjehemi t\u00eb previlegjuar t\u00eb ju sh\u00ebrbejm\u00eb me produkte tona.<\/p><\/div><div class=\"contacts-block\"><p><i class=\"flaticon-placeholder-3\"><\/i> Address: Adresa: Prishtin\u00eb<\/p><p><i class=\"flaticon-smartphone-6\"><\/i> Phone: <a href=\"tel:+383(045)835-420\">+383 (045) 835-420<\/a><\/p><p><i class=\"flaticon-edit\"><\/i> E-mail: <a href=\"mailto:nexhipako@gmail.com\">nexhipako@gmail.com<\/a><\/p><\/div>[\/vc_column_inner][vc_column_inner width=&#8221;1\/2&#8243; offset=&#8221;vc_col-lg-offset-1 vc_col-lg-5 vc_col-md-offset-0 vc_col-md-6&#8243;]\n<div class=\"wpcf7 no-js\" id=\"wpcf7-f335-o1\" lang=\"en-US\" dir=\"ltr\" data-wpcf7-id=\"335\">\n<div class=\"screen-reader-response\"><p role=\"status\" aria-live=\"polite\" aria-atomic=\"true\"><\/p> <ul><\/ul><\/div>\n<form action=\"\/index.php\/wp-json\/wp\/v2\/pages\/576#wpcf7-f335-o1\" method=\"post\" class=\"wpcf7-form init\" aria-label=\"Contact form\" novalidate=\"novalidate\" data-status=\"init\">\n<fieldset class=\"hidden-fields-container\"><input type=\"hidden\" name=\"_wpcf7\" value=\"335\" \/><input type=\"hidden\" name=\"_wpcf7_version\" value=\"6.1.5\" \/><input type=\"hidden\" name=\"_wpcf7_locale\" value=\"en_US\" \/><input type=\"hidden\" name=\"_wpcf7_unit_tag\" value=\"wpcf7-f335-o1\" \/><input type=\"hidden\" name=\"_wpcf7_container_post\" value=\"0\" \/><input type=\"hidden\" name=\"_wpcf7_posted_data_hash\" value=\"\" \/>\n<\/fieldset>\n<div class=\"form-group\">\n\t<p><label class=\"sr-only\">Emri<\/label><span class=\"wpcf7-form-control-wrap\" data-name=\"your-name\"><input size=\"40\" maxlength=\"400\" class=\"wpcf7-form-control wpcf7-text wpcf7-validates-as-required form-control\" aria-required=\"true\" aria-invalid=\"false\" placeholder=\"Emri\" value=\"\" type=\"text\" name=\"your-name\" \/><\/span>\n\t<\/p>\n<\/div>\n<div class=\"form-group\">\n\t<p><label class=\"sr-only\">Emaili<\/label><span class=\"wpcf7-form-control-wrap\" data-name=\"your-email\"><input size=\"40\" maxlength=\"400\" class=\"wpcf7-form-control wpcf7-email wpcf7-validates-as-required wpcf7-text wpcf7-validates-as-email form-control\" aria-required=\"true\" aria-invalid=\"false\" placeholder=\"Emaili juaj\" value=\"\" type=\"email\" name=\"your-email\" \/><\/span>\n\t<\/p>\n<\/div>\n<div class=\"form-group\">\n\t<p><label class=\"sr-only\">Telefoni<\/label><span class=\"wpcf7-form-control-wrap\" data-name=\"your-phone\"><input size=\"40\" maxlength=\"400\" class=\"wpcf7-form-control wpcf7-text form-control\" aria-invalid=\"false\" placeholder=\"Telefoni\" value=\"\" type=\"text\" name=\"your-phone\" \/><\/span>\n\t<\/p>\n<\/div>\n<div class=\"form-group\">\n\t<p><label class=\"sr-only\">Mesazhi<\/label><span class=\"wpcf7-form-control-wrap\" data-name=\"your-message\"><textarea cols=\"40\" rows=\"4\" maxlength=\"2000\" class=\"wpcf7-form-control wpcf7-textarea wpcf7-validates-as-required form-control\" aria-required=\"true\" aria-invalid=\"false\" placeholder=\"Mesazhi juaj\" name=\"your-message\"><\/textarea><\/span>\n\t<\/p>\n<\/div>\n<p><input class=\"wpcf7-form-control wpcf7-submit has-spinner\" type=\"submit\" value=\"D\u00ebrgo mesazhin\" \/>\n<\/p><div class=\"wpcf7-response-output\" aria-hidden=\"true\"><\/div>\n<\/form>\n<\/div>\n[\/vc_column_inner][\/vc_row_inner][\/vc_column][\/vc_row]<\/p>\n","protected":false},"excerpt":{"rendered":"<p>[vc_row full_width=&#8221;stretch_row&#8221; css=&#8221;.vc_custom_1539692394372{padding-top: 85px !important;padding-bottom: 120px !important;background-color: #f9fafc !important;}&#8221;][vc_column][vc_row_inner][vc_column_inner width=&#8221;1\/2&#8243;][\/vc_column_inner][vc_column_inner width=&#8221;1\/2&#8243; offset=&#8221;vc_col-lg-offset-1 vc_col-lg-5 vc_col-md-offset-0 vc_col-md-6&#8243;][\/vc_column_inner][\/vc_row_inner][\/vc_column][\/vc_row]<\/p>\n","protected":false},"author":3,"featured_media":2851,"parent":0,"menu_order":0,"comment_status":"closed","ping_status":"closed","template":"wpb-page-builder.php","meta":{"footnotes":""},"class_list":["post-576","page","type-page","status-publish","has-post-thumbnail","hentry"],"_links":{"self":[{"href":"https:\/\/nexhipack.com\/index.php\/wp-json\/wp\/v2\/pages\/576","targetHints":{"allow":["GET"]}}],"collection":[{"href":"https:\/\/nexhipack.com\/index.php\/wp-json\/wp\/v2\/pages"}],"about":[{"href":"https:\/\/nexhipack.com\/index.php\/wp-json\/wp\/v2\/types\/page"}],"author":[{"embeddable":true,"href":"https:\/\/nexhipack.com\/index.php\/wp-json\/wp\/v2\/users\/3"}],"replies":[{"embeddable":true,"href":"https:\/\/nexhipack.com\/index.php\/wp-json\/wp\/v2\/comments?post=576"}],"version-history":[{"count":4,"href":"https:\/\/nexhipack.com\/index.php\/wp-json\/wp\/v2\/pages\/576\/revisions"}],"predecessor-version":[{"id":3047,"href":"https:\/\/nexhipack.com\/index.php\/wp-json\/wp\/v2\/pages\/576\/revisions\/3047"}],"wp:featuredmedia":[{"embeddable":true,"href":"https:\/\/nexhipack.com\/index.php\/wp-json\/wp\/v2\/media\/2851"}],"wp:attachment":[{"href":"https:\/\/nexhipack.com\/index.php\/wp-json\/wp\/v2\/media?parent=576"}],"curies":[{"name":"wp","href":"https:\/\/api.w.org\/{rel}","templated":true}]}}